{"id":1375,"date":"2024-07-21T11:13:30","date_gmt":"2024-07-21T11:13:30","guid":{"rendered":"https:\/\/www.ro-boost.ro\/?page_id=1375"},"modified":"2025-11-21T16:20:28","modified_gmt":"2025-11-21T16:20:28","slug":"galerie","status":"publish","type":"page","link":"https:\/\/www.ro-boost.ro\/en\/galerie\/","title":{"rendered":"Gallery"},"content":{"rendered":"<div data-elementor-type=\"wp-page\" data-elementor-id=\"1375\" class=\"elementor elementor-1375\">\n\t\t\t\t<div class=\"elementor-element elementor-element-36b057f e-flex e-con-boxed e-con e-parent\" data-id=\"36b057f\" data-element_type=\"container\" data-e-type=\"container\" data-settings=\"{&quot;background_background&quot;:&quot;classic&quot;}\">\n\t\t\t\t\t<div class=\"e-con-inner\">\n\t\t<div class=\"elementor-element elementor-element-4260ece e-con-full e-flex e-con e-child\" data-id=\"4260ece\" data-element_type=\"container\" data-e-type=\"container\">\n\t\t\t\t<div class=\"elementor-element elementor-element-be31c95 elementor-widget elementor-widget-image\" data-id=\"be31c95\" data-element_type=\"widget\" data-e-type=\"widget\" data-widget_type=\"image.default\">\n\t\t\t\t<div class=\"elementor-widget-container\">\n\t\t\t\t\t\t\t\t\t\t\t\t\t\t\t<img fetchpriority=\"high\" decoding=\"async\" width=\"768\" height=\"768\" src=\"https:\/\/www.ro-boost.ro\/wp-content\/uploads\/2025\/03\/logo-roboost-nou-768x768.png\" class=\"attachment-medium_large size-medium_large wp-image-2928\" alt=\"logo nou ro - boost\" srcset=\"https:\/\/www.ro-boost.ro\/wp-content\/uploads\/2025\/03\/logo-roboost-nou-768x768.png 768w, https:\/\/www.ro-boost.ro\/wp-content\/uploads\/2025\/03\/logo-roboost-nou-300x300.png 300w, https:\/\/www.ro-boost.ro\/wp-content\/uploads\/2025\/03\/logo-roboost-nou-1024x1024.png 1024w, https:\/\/www.ro-boost.ro\/wp-content\/uploads\/2025\/03\/logo-roboost-nou-150x150.png 150w, https:\/\/www.ro-boost.ro\/wp-content\/uploads\/2025\/03\/logo-roboost-nou-1536x1536.png 1536w, https:\/\/www.ro-boost.ro\/wp-content\/uploads\/2025\/03\/logo-roboost-nou-2048x2048.png 2048w, https:\/\/www.ro-boost.ro\/wp-content\/uploads\/2025\/03\/logo-roboost-nou-12x12.png 12w\" sizes=\"(max-width: 768px) 100vw, 768px\" \/>\t\t\t\t\t\t\t\t\t\t\t\t\t\t\t<\/div>\n\t\t\t\t<\/div>\n\t\t\t\t<div class=\"elementor-element elementor-element-060ebff elementor-widget elementor-widget-heading\" data-id=\"060ebff\" data-element_type=\"widget\" data-e-type=\"widget\" data-widget_type=\"heading.default\">\n\t\t\t\t<div class=\"elementor-widget-container\">\n\t\t\t\t\t<h2 class=\"elementor-heading-title elementor-size-default\">Urology Clinic<\/h2>\t\t\t\t<\/div>\n\t\t\t\t<\/div>\n\t\t\t\t<div class=\"elementor-element elementor-element-2dbdefc elementor-widget elementor-widget-heading\" data-id=\"2dbdefc\" data-element_type=\"widget\" data-e-type=\"widget\" data-widget_type=\"heading.default\">\n\t\t\t\t<div class=\"elementor-widget-container\">\n\t\t\t\t\t<h3 class=\"elementor-heading-title elementor-size-default translation-block\">We use state-of-the-art medical equipment to ensure safe and effective treatments.\n<br><br>RO-BOOST applies a multidisciplinary approach in the evaluation and treatment of male health conditions, integrating specialists from complementary fields to achieve optimal therapeutic outcomes.<\/h3>\t\t\t\t<\/div>\n\t\t\t\t<\/div>\n\t\t\t\t<div class=\"elementor-element elementor-element-080eff0 elementor-widget elementor-widget-button\" data-id=\"080eff0\" data-element_type=\"widget\" data-e-type=\"widget\" data-widget_type=\"button.default\">\n\t\t\t\t<div class=\"elementor-widget-container\">\n\t\t\t\t\t\t\t\t\t<div class=\"elementor-button-wrapper\">\n\t\t\t\t\t<a class=\"elementor-button elementor-button-link elementor-size-sm\" href=\"https:\/\/programari.ro-boost.ro\/Appointments\/IndexAppointments\">\n\t\t\t\t\t\t<span class=\"elementor-button-content-wrapper\">\n\t\t\t\t\t\t\t\t\t<span class=\"elementor-button-text\">APPOINTMENT<\/span>\n\t\t\t\t\t<\/span>\n\t\t\t\t\t<\/a>\n\t\t\t\t<\/div>\n\t\t\t\t\t\t\t\t<\/div>\n\t\t\t\t<\/div>\n\t\t\t\t<\/div>\n\t\t\t\t\t<\/div>\n\t\t\t\t<\/div>\n\t\t<div class=\"elementor-element elementor-element-7ee32c7 e-flex e-con-boxed e-con e-parent\" data-id=\"7ee32c7\" data-element_type=\"container\" data-e-type=\"container\" data-settings=\"{&quot;background_background&quot;:&quot;classic&quot;}\">\n\t\t\t\t\t<div class=\"e-con-inner\">\n\t\t<div class=\"elementor-element elementor-element-50bf3cc e-con-full e-flex e-con e-child\" data-id=\"50bf3cc\" data-element_type=\"container\" data-e-type=\"container\">\n\t\t\t\t<div class=\"elementor-element elementor-element-140a3a7 elementor-widget elementor-widget-heading\" data-id=\"140a3a7\" data-element_type=\"widget\" data-e-type=\"widget\" data-widget_type=\"heading.default\">\n\t\t\t\t<div class=\"elementor-widget-container\">\n\t\t\t\t\t<h1 class=\"elementor-heading-title elementor-size-default\">Gallery<\/h1>\t\t\t\t<\/div>\n\t\t\t\t<\/div>\n\t\t\t\t<\/div>\n\t\t\t\t\t<\/div>\n\t\t\t\t<\/div>\n\t\t<div class=\"elementor-element elementor-element-92844df e-flex e-con-boxed e-con e-parent\" data-id=\"92844df\" data-element_type=\"container\" data-e-type=\"container\">\n\t\t\t\t\t<div class=\"e-con-inner\">\n\t\t<div class=\"elementor-element elementor-element-f1674fb e-con-full e-flex e-con e-child\" data-id=\"f1674fb\" data-element_type=\"container\" data-e-type=\"container\">\n\t\t\t\t<div class=\"elementor-element elementor-element-a90cb13 elementor-widget elementor-widget-image\" data-id=\"a90cb13\" data-element_type=\"widget\" data-e-type=\"widget\" data-widget_type=\"image.default\">\n\t\t\t\t<div class=\"elementor-widget-container\">\n\t\t\t\t\t\t\t\t\t\t\t\t\t\t\t<img decoding=\"async\" width=\"800\" height=\"800\" src=\"https:\/\/www.ro-boost.ro\/wp-content\/uploads\/2025\/06\/IMAGIENE-A.jpg\" class=\"attachment-large size-large wp-image-3383\" alt=\"IMAGINE CLINICA RO-BOOST\" srcset=\"https:\/\/www.ro-boost.ro\/wp-content\/uploads\/2025\/06\/IMAGIENE-A.jpg 800w, https:\/\/www.ro-boost.ro\/wp-content\/uploads\/2025\/06\/IMAGIENE-A-300x300.jpg 300w, https:\/\/www.ro-boost.ro\/wp-content\/uploads\/2025\/06\/IMAGIENE-A-150x150.jpg 150w, https:\/\/www.ro-boost.ro\/wp-content\/uploads\/2025\/06\/IMAGIENE-A-768x768.jpg 768w, https:\/\/www.ro-boost.ro\/wp-content\/uploads\/2025\/06\/IMAGIENE-A-12x12.jpg 12w\" sizes=\"(max-width: 800px) 100vw, 800px\" \/>\t\t\t\t\t\t\t\t\t\t\t\t\t\t\t<\/div>\n\t\t\t\t<\/div>\n\t\t\t\t<\/div>\n\t\t<div class=\"elementor-element elementor-element-f32a112 e-con-full e-flex e-con e-child\" data-id=\"f32a112\" data-element_type=\"container\" data-e-type=\"container\">\n\t\t\t\t<div class=\"elementor-element elementor-element-9349819 elementor-widget elementor-widget-image\" data-id=\"9349819\" data-element_type=\"widget\" data-e-type=\"widget\" data-widget_type=\"image.default\">\n\t\t\t\t<div class=\"elementor-widget-container\">\n\t\t\t\t\t\t\t\t\t\t\t\t\t\t\t<img decoding=\"async\" width=\"800\" height=\"800\" src=\"https:\/\/www.ro-boost.ro\/wp-content\/uploads\/2025\/06\/RO-BOOST-B.jpg\" class=\"attachment-large size-large wp-image-3384\" alt=\"IMAGINE CLINICA RO-BOOST- CLADIRE\" srcset=\"https:\/\/www.ro-boost.ro\/wp-content\/uploads\/2025\/06\/RO-BOOST-B.jpg 800w, https:\/\/www.ro-boost.ro\/wp-content\/uploads\/2025\/06\/RO-BOOST-B-300x300.jpg 300w, https:\/\/www.ro-boost.ro\/wp-content\/uploads\/2025\/06\/RO-BOOST-B-150x150.jpg 150w, https:\/\/www.ro-boost.ro\/wp-content\/uploads\/2025\/06\/RO-BOOST-B-768x768.jpg 768w, https:\/\/www.ro-boost.ro\/wp-content\/uploads\/2025\/06\/RO-BOOST-B-12x12.jpg 12w\" sizes=\"(max-width: 800px) 100vw, 800px\" \/>\t\t\t\t\t\t\t\t\t\t\t\t\t\t\t<\/div>\n\t\t\t\t<\/div>\n\t\t\t\t<\/div>\n\t\t<div class=\"elementor-element elementor-element-d4d1e9a e-con-full e-flex e-con e-child\" data-id=\"d4d1e9a\" data-element_type=\"container\" data-e-type=\"container\">\n\t\t\t\t<div class=\"elementor-element elementor-element-53503a8 elementor-widget elementor-widget-image\" data-id=\"53503a8\" data-element_type=\"widget\" data-e-type=\"widget\" data-widget_type=\"image.default\">\n\t\t\t\t<div class=\"elementor-widget-container\">\n\t\t\t\t\t\t\t\t\t\t\t\t\t\t\t<img loading=\"lazy\" decoding=\"async\" width=\"800\" height=\"800\" src=\"https:\/\/www.ro-boost.ro\/wp-content\/uploads\/2025\/06\/RO-BOOST-3.jpg\" class=\"attachment-large size-large wp-image-3385\" alt=\"ZONA RECEPTIE\" srcset=\"https:\/\/www.ro-boost.ro\/wp-content\/uploads\/2025\/06\/RO-BOOST-3.jpg 800w, https:\/\/www.ro-boost.ro\/wp-content\/uploads\/2025\/06\/RO-BOOST-3-300x300.jpg 300w, https:\/\/www.ro-boost.ro\/wp-content\/uploads\/2025\/06\/RO-BOOST-3-150x150.jpg 150w, https:\/\/www.ro-boost.ro\/wp-content\/uploads\/2025\/06\/RO-BOOST-3-768x768.jpg 768w, https:\/\/www.ro-boost.ro\/wp-content\/uploads\/2025\/06\/RO-BOOST-3-12x12.jpg 12w\" sizes=\"(max-width: 800px) 100vw, 800px\" \/>\t\t\t\t\t\t\t\t\t\t\t\t\t\t\t<\/div>\n\t\t\t\t<\/div>\n\t\t\t\t<\/div>\n\t\t<div class=\"elementor-element elementor-element-d45513e e-con-full e-flex e-con e-child\" data-id=\"d45513e\" data-element_type=\"container\" data-e-type=\"container\">\n\t\t\t\t<div class=\"elementor-element elementor-element-91141fb elementor-widget elementor-widget-image\" data-id=\"91141fb\" data-element_type=\"widget\" data-e-type=\"widget\" data-widget_type=\"image.default\">\n\t\t\t\t<div class=\"elementor-widget-container\">\n\t\t\t\t\t\t\t\t\t\t\t\t\t\t\t<img loading=\"lazy\" decoding=\"async\" width=\"800\" height=\"800\" src=\"https:\/\/www.ro-boost.ro\/wp-content\/uploads\/2025\/06\/RO-BOOST-E.jpg\" class=\"attachment-large size-large wp-image-3386\" alt=\"CABINET MEDICAL CONSULTATII\" srcset=\"https:\/\/www.ro-boost.ro\/wp-content\/uploads\/2025\/06\/RO-BOOST-E.jpg 800w, https:\/\/www.ro-boost.ro\/wp-content\/uploads\/2025\/06\/RO-BOOST-E-300x300.jpg 300w, https:\/\/www.ro-boost.ro\/wp-content\/uploads\/2025\/06\/RO-BOOST-E-150x150.jpg 150w, https:\/\/www.ro-boost.ro\/wp-content\/uploads\/2025\/06\/RO-BOOST-E-768x768.jpg 768w, https:\/\/www.ro-boost.ro\/wp-content\/uploads\/2025\/06\/RO-BOOST-E-12x12.jpg 12w\" sizes=\"(max-width: 800px) 100vw, 800px\" \/>\t\t\t\t\t\t\t\t\t\t\t\t\t\t\t<\/div>\n\t\t\t\t<\/div>\n\t\t\t\t<\/div>\n\t\t<div class=\"elementor-element elementor-element-c0ea198 e-con-full e-flex e-con e-child\" data-id=\"c0ea198\" data-element_type=\"container\" data-e-type=\"container\">\n\t\t\t\t<div class=\"elementor-element elementor-element-18992eb elementor-widget elementor-widget-image\" data-id=\"18992eb\" data-element_type=\"widget\" data-e-type=\"widget\" data-widget_type=\"image.default\">\n\t\t\t\t<div class=\"elementor-widget-container\">\n\t\t\t\t\t\t\t\t\t\t\t\t\t\t\t<img loading=\"lazy\" decoding=\"async\" width=\"800\" height=\"800\" src=\"https:\/\/www.ro-boost.ro\/wp-content\/uploads\/2025\/06\/CABINET-DE-CONSULATII-B.jpg\" class=\"attachment-large size-large wp-image-3390\" alt=\"\" srcset=\"https:\/\/www.ro-boost.ro\/wp-content\/uploads\/2025\/06\/CABINET-DE-CONSULATII-B.jpg 800w, https:\/\/www.ro-boost.ro\/wp-content\/uploads\/2025\/06\/CABINET-DE-CONSULATII-B-300x300.jpg 300w, https:\/\/www.ro-boost.ro\/wp-content\/uploads\/2025\/06\/CABINET-DE-CONSULATII-B-150x150.jpg 150w, https:\/\/www.ro-boost.ro\/wp-content\/uploads\/2025\/06\/CABINET-DE-CONSULATII-B-768x768.jpg 768w, https:\/\/www.ro-boost.ro\/wp-content\/uploads\/2025\/06\/CABINET-DE-CONSULATII-B-12x12.jpg 12w\" sizes=\"(max-width: 800px) 100vw, 800px\" \/>\t\t\t\t\t\t\t\t\t\t\t\t\t\t\t<\/div>\n\t\t\t\t<\/div>\n\t\t\t\t<\/div>\n\t\t<div class=\"elementor-element elementor-element-008a1a2 e-con-full e-flex e-con e-child\" data-id=\"008a1a2\" data-element_type=\"container\" data-e-type=\"container\">\n\t\t\t\t<div class=\"elementor-element elementor-element-ffab90d elementor-widget elementor-widget-image\" data-id=\"ffab90d\" data-element_type=\"widget\" data-e-type=\"widget\" data-widget_type=\"image.default\">\n\t\t\t\t<div class=\"elementor-widget-container\">\n\t\t\t\t\t\t\t\t\t\t\t\t\t\t\t<img loading=\"lazy\" decoding=\"async\" width=\"800\" height=\"800\" src=\"https:\/\/www.ro-boost.ro\/wp-content\/uploads\/2025\/06\/RO-BOOST-D.jpg\" class=\"attachment-large size-large wp-image-3391\" alt=\"\" srcset=\"https:\/\/www.ro-boost.ro\/wp-content\/uploads\/2025\/06\/RO-BOOST-D.jpg 800w, https:\/\/www.ro-boost.ro\/wp-content\/uploads\/2025\/06\/RO-BOOST-D-300x300.jpg 300w, https:\/\/www.ro-boost.ro\/wp-content\/uploads\/2025\/06\/RO-BOOST-D-150x150.jpg 150w, https:\/\/www.ro-boost.ro\/wp-content\/uploads\/2025\/06\/RO-BOOST-D-768x768.jpg 768w, https:\/\/www.ro-boost.ro\/wp-content\/uploads\/2025\/06\/RO-BOOST-D-12x12.jpg 12w\" sizes=\"(max-width: 800px) 100vw, 800px\" \/>\t\t\t\t\t\t\t\t\t\t\t\t\t\t\t<\/div>\n\t\t\t\t<\/div>\n\t\t\t\t<\/div>\n\t\t\t\t\t<\/div>\n\t\t\t\t<\/div>\n\t\t<div class=\"elementor-element elementor-element-5ffcd2b e-con-full e-flex e-con e-parent\" data-id=\"5ffcd2b\" data-element_type=\"container\" data-e-type=\"container\" data-settings=\"{&quot;background_background&quot;:&quot;classic&quot;}\">\n\t\t\t\t<\/div>\n\t\t<div class=\"elementor-element elementor-element-ae2ae86 e-flex e-con-boxed e-con e-parent\" data-id=\"ae2ae86\" data-element_type=\"container\" data-e-type=\"container\">\n\t\t\t\t\t<div class=\"e-con-inner\">\n\t\t<div class=\"elementor-element elementor-element-e3dd669 e-con-full e-flex e-con e-child\" data-id=\"e3dd669\" data-element_type=\"container\" data-e-type=\"container\">\n\t\t\t\t<div class=\"elementor-element elementor-element-c93f210 elementor-widget elementor-widget-image\" data-id=\"c93f210\" data-element_type=\"widget\" data-e-type=\"widget\" data-widget_type=\"image.default\">\n\t\t\t\t<div class=\"elementor-widget-container\">\n\t\t\t\t\t\t\t\t\t\t\t\t\t\t\t<img loading=\"lazy\" decoding=\"async\" width=\"1146\" height=\"1036\" src=\"https:\/\/www.ro-boost.ro\/wp-content\/uploads\/2024\/07\/eswt-transparent-1.png\" class=\"attachment-full size-full wp-image-1257\" alt=\"echipament ESWT, disfuntie erectila\" srcset=\"https:\/\/www.ro-boost.ro\/wp-content\/uploads\/2024\/07\/eswt-transparent-1.png 1146w, https:\/\/www.ro-boost.ro\/wp-content\/uploads\/2024\/07\/eswt-transparent-1-300x271.png 300w, https:\/\/www.ro-boost.ro\/wp-content\/uploads\/2024\/07\/eswt-transparent-1-1024x926.png 1024w, https:\/\/www.ro-boost.ro\/wp-content\/uploads\/2024\/07\/eswt-transparent-1-768x694.png 768w\" sizes=\"(max-width: 1146px) 100vw, 1146px\" \/>\t\t\t\t\t\t\t\t\t\t\t\t\t\t\t<\/div>\n\t\t\t\t<\/div>\n\t\t\t\t<\/div>\n\t\t<div class=\"elementor-element elementor-element-a922810 e-con-full e-flex e-con e-child\" data-id=\"a922810\" data-element_type=\"container\" data-e-type=\"container\">\n\t\t\t\t<div class=\"elementor-element elementor-element-40acd04 elementor-widget elementor-widget-text-editor\" data-id=\"40acd04\" data-element_type=\"widget\" data-e-type=\"widget\" data-widget_type=\"text-editor.default\">\n\t\t\t\t<div class=\"elementor-widget-container\">\n\t\t\t\t\t\t\t\t\t<p>Regardless of age, ESWT therapy can significantly improve performance, even in the absence of a specific condition.<\/p>\t\t\t\t\t\t\t\t<\/div>\n\t\t\t\t<\/div>\n\t\t\t\t<div class=\"elementor-element elementor-element-c0b0885 elementor-align-center elementor-mobile-align-center elementor-widget elementor-widget-button\" data-id=\"c0b0885\" data-element_type=\"widget\" data-e-type=\"widget\" data-widget_type=\"button.default\">\n\t\t\t\t<div class=\"elementor-widget-container\">\n\t\t\t\t\t\t\t\t\t<div class=\"elementor-button-wrapper\">\n\t\t\t\t\t<a class=\"elementor-button elementor-button-link elementor-size-sm\" href=\"https:\/\/programari.ro-boost.ro\/Appointments\/IndexAppointments\">\n\t\t\t\t\t\t<span class=\"elementor-button-content-wrapper\">\n\t\t\t\t\t\t\t\t\t<span class=\"elementor-button-text\">APPOINTMENT<\/span>\n\t\t\t\t\t<\/span>\n\t\t\t\t\t<\/a>\n\t\t\t\t<\/div>\n\t\t\t\t\t\t\t\t<\/div>\n\t\t\t\t<\/div>\n\t\t\t\t<\/div>\n\t\t\t\t\t<\/div>\n\t\t\t\t<\/div>\n\t\t<div class=\"elementor-element elementor-element-1ec7501 e-flex e-con-boxed e-con e-parent\" data-id=\"1ec7501\" data-element_type=\"container\" data-e-type=\"container\" data-settings=\"{&quot;background_background&quot;:&quot;classic&quot;}\">\n\t\t\t\t\t<div class=\"e-con-inner\">\n\t\t<div class=\"elementor-element elementor-element-8f06ca3 e-con-full e-flex e-con e-child\" data-id=\"8f06ca3\" data-element_type=\"container\" data-e-type=\"container\">\n\t\t\t\t<div class=\"elementor-element elementor-element-d348468 elementor-widget elementor-widget-text-editor\" data-id=\"d348468\" data-element_type=\"widget\" data-e-type=\"widget\" data-widget_type=\"text-editor.default\">\n\t\t\t\t<div class=\"elementor-widget-container\">\n\t\t\t\t\t\t\t\t\t<p><strong>www.ro-boost.ro<br \/><\/strong>\u2122 Toate drepturile rezervate.<\/p>\t\t\t\t\t\t\t\t<\/div>\n\t\t\t\t<\/div>\n\t\t\t\t<\/div>\n\t\t<div class=\"elementor-element elementor-element-59bb240 e-con-full e-flex e-con e-child\" data-id=\"59bb240\" data-element_type=\"container\" data-e-type=\"container\">\n\t\t\t\t<div class=\"elementor-element elementor-element-296819d elementor-widget elementor-widget-text-editor\" data-id=\"296819d\" data-element_type=\"widget\" data-e-type=\"widget\" data-widget_type=\"text-editor.default\">\n\t\t\t\t<div class=\"elementor-widget-container\">\n\t\t\t\t\t\t\t\t\t<p><strong>Address:<\/strong> Bucuresti, strada Dr. Leonte Anastasievici nr. 34, sector 5<br \/><strong>Phone:<\/strong> 0743.153.954 | 0743.153.960<br \/><strong>Email:<\/strong> contact@ro-boost.ro<\/p>\t\t\t\t\t\t\t\t<\/div>\n\t\t\t\t<\/div>\n\t\t\t\t<\/div>\n\t\t<div class=\"elementor-element elementor-element-76d0caa e-con-full e-flex e-con e-child\" data-id=\"76d0caa\" data-element_type=\"container\" data-e-type=\"container\">\n\t\t\t\t<div class=\"elementor-element elementor-element-16625a3 elementor-widget elementor-widget-heading\" data-id=\"16625a3\" data-element_type=\"widget\" data-e-type=\"widget\" data-widget_type=\"heading.default\">\n\t\t\t\t<div class=\"elementor-widget-container\">\n\t\t\t\t\t<h2 class=\"elementor-heading-title elementor-size-default\"><a href=\"https:\/\/www.ro-boost.ro\/en\/termeni-si-conditii\/\">Terms and Conditions<\/a><\/h2>\t\t\t\t<\/div>\n\t\t\t\t<\/div>\n\t\t\t\t<\/div>\n\t\t<div class=\"elementor-element elementor-element-0ab532d e-con-full e-flex e-con e-child\" data-id=\"0ab532d\" data-element_type=\"container\" data-e-type=\"container\">\n\t\t\t\t<div class=\"elementor-element elementor-element-f5540fd elementor-shape-rounded elementor-grid-0 e-grid-align-center elementor-widget elementor-widget-social-icons\" data-id=\"f5540fd\" data-element_type=\"widget\" data-e-type=\"widget\" data-widget_type=\"social-icons.default\">\n\t\t\t\t<div class=\"elementor-widget-container\">\n\t\t\t\t\t\t\t<div class=\"elementor-social-icons-wrapper elementor-grid\">\n\t\t\t\t\t\t\t<span class=\"elementor-grid-item\">\n\t\t\t\t\t<a class=\"elementor-icon elementor-social-icon elementor-social-icon-facebook elementor-repeater-item-bf32071\" href=\"https:\/\/www.facebook.com\/profile.php?id=61559254327689\" target=\"_blank\">\n\t\t\t\t\t\t<span class=\"elementor-screen-only\">Facebook<\/span>\n\t\t\t\t\t\t<svg aria-hidden=\"true\" class=\"e-font-icon-svg e-fab-facebook\" viewbox=\"0 0 512 512\" xmlns=\"http:\/\/www.w3.org\/2000\/svg\"><path d=\"M504 256C504 119 393 8 256 8S8 119 8 256c0 123.78 90.69 226.38 209.25 245V327.69h-63V256h63v-54.64c0-62.15 37-96.48 93.67-96.48 27.14 0 55.52 4.84 55.52 4.84v61h-31.28c-30.8 0-40.41 19.12-40.41 38.73V256h68.78l-11 71.69h-57.78V501C413.31 482.38 504 379.78 504 256z\"><\/path><\/svg>\t\t\t\t\t<\/a>\n\t\t\t\t<\/span>\n\t\t\t\t\t<\/div>\n\t\t\t\t\t\t<\/div>\n\t\t\t\t<\/div>\n\t\t\t\t<\/div>\n\t\t\t\t\t<\/div>\n\t\t\t\t<\/div>\n\t\t\t\t<\/div>","protected":false},"excerpt":{"rendered":"<p>Clinic\u0103 Urologie Utilizam echipamente medicale de ultima generatie, pentru tratamente eficiente si sigure. RO-BOOST aplic\u0103 o abordare multidisciplinar\u0103 \u00een evaluarea \u0219i tratamentul afec\u021biunilor masculine, integr\u00e2nd speciali\u0219ti din domenii complementare, pentru rezultate terapeutice optime. PROGRAMARE Galerie Indiferent de varsta, terapia ESWT poate imbunatati semnificativ performanta, chiar si in absenta unei afectiuni specifice. PROGRAMARE www.ro-boost.ro\u2122 Toate drepturile [&hellip;]<\/p>\n","protected":false},"author":1,"featured_media":0,"parent":0,"menu_order":0,"comment_status":"closed","ping_status":"closed","template":"","meta":{"site-sidebar-layout":"no-sidebar","site-content-layout":"page-builder","ast-site-content-layout":"full-width-container","site-content-style":"unboxed","site-sidebar-style":"unboxed","ast-global-header-display":"","ast-banner-title-visibility":"","ast-main-header-display":"","ast-hfb-above-header-display":"","ast-hfb-below-header-display":"","ast-hfb-mobile-header-display":"","site-post-title":"disabled","ast-breadcrumbs-content":"disabled","ast-featured-img":"disabled","footer-sml-layout":"","theme-transparent-header-meta":"enabled","adv-header-id-meta":"","stick-header-meta":"","header-above-stick-meta":"","header-main-stick-meta":"","header-below-stick-meta":"","astra-migrate-meta-layouts":"set","ast-page-background-enabled":"default","ast-page-background-meta":{"desktop":{"background-color":"","background-image":"","background-repeat":"repeat","background-position":"center center","background-size":"auto","background-attachment":"scroll","background-type":"","background-media":"","overlay-type":"","overlay-color":"","overlay-opacity":"","overlay-gradient":""},"tablet":{"background-color":"","background-image":"","background-repeat":"repeat","background-position":"center center","background-size":"auto","background-attachment":"scroll","background-type":"","background-media":"","overlay-type":"","overlay-color":"","overlay-opacity":"","overlay-gradient":""},"mobile":{"background-color":"","background-image":"","background-repeat":"repeat","background-position":"center center","background-size":"auto","background-attachment":"scroll","background-type":"","background-media":"","overlay-type":"","overlay-color":"","overlay-opacity":"","overlay-gradient":""}},"ast-content-background-meta":{"desktop":{"background-color":"var(--ast-global-color-5)","background-image":"","background-repeat":"repeat","background-position":"center center","background-size":"auto","background-attachment":"scroll","background-type":"","background-media":"","overlay-type":"","overlay-color":"","overlay-opacity":"","overlay-gradient":""},"tablet":{"background-color":"var(--ast-global-color-5)","background-image":"","background-repeat":"repeat","background-position":"center center","background-size":"auto","background-attachment":"scroll","background-type":"","background-media":"","overlay-type":"","overlay-color":"","overlay-opacity":"","overlay-gradient":""},"mobile":{"background-color":"var(--ast-global-color-5)","background-image":"","background-repeat":"repeat","background-position":"center center","background-size":"auto","background-attachment":"scroll","background-type":"","background-media":"","overlay-type":"","overlay-color":"","overlay-opacity":"","overlay-gradient":""}},"footnotes":""},"class_list":["post-1375","page","type-page","status-publish","hentry"],"_links":{"self":[{"href":"https:\/\/www.ro-boost.ro\/en\/wp-json\/wp\/v2\/pages\/1375","targetHints":{"allow":["GET"]}}],"collection":[{"href":"https:\/\/www.ro-boost.ro\/en\/wp-json\/wp\/v2\/pages"}],"about":[{"href":"https:\/\/www.ro-boost.ro\/en\/wp-json\/wp\/v2\/types\/page"}],"author":[{"embeddable":true,"href":"https:\/\/www.ro-boost.ro\/en\/wp-json\/wp\/v2\/users\/1"}],"replies":[{"embeddable":true,"href":"https:\/\/www.ro-boost.ro\/en\/wp-json\/wp\/v2\/comments?post=1375"}],"version-history":[{"count":79,"href":"https:\/\/www.ro-boost.ro\/en\/wp-json\/wp\/v2\/pages\/1375\/revisions"}],"predecessor-version":[{"id":4063,"href":"https:\/\/www.ro-boost.ro\/en\/wp-json\/wp\/v2\/pages\/1375\/revisions\/4063"}],"wp:attachment":[{"href":"https:\/\/www.ro-boost.ro\/en\/wp-json\/wp\/v2\/media?parent=1375"}],"curies":[{"name":"wp","href":"https:\/\/api.w.org\/{rel}","templated":true}]}}